{"id":8695,"date":"2019-11-06T12:34:17","date_gmt":"2019-11-06T12:34:17","guid":{"rendered":"http:\/\/localhost\/drsekiz\/kalcevit\/"},"modified":"2026-02-03T20:38:13","modified_gmt":"2026-02-03T19:38:13","slug":"kalcevit","status":"publish","type":"product","link":"https:\/\/www.semaco.biz\/ru\/produkt\/kalcevit\/","title":{"rendered":"\u041a\u0430\u043b\u044c\u0446\u0435\u0432\u0438\u0442"},"content":{"rendered":"","protected":false},"excerpt":{"rendered":"<p style=\"text-align: left;\"><strong>\u041a\u0410\u041b\u042c\u0426\u0415\u0412\u0418\u0422<\/strong> <strong>&#8212; <\/strong>\u0438\u0434\u0435\u0430\u043b\u044c\u043d\u0430\u044f \u0434\u043e\u0431\u0430\u0432\u043a\u0430 \u0434\u043b\u044f \u0449\u0435\u043d\u043a\u043e\u0432 \u0438 \u043c\u043e\u043b\u043e\u0434\u044b\u0445 \u0441\u043e\u0431\u0430\u043a, \u0431\u0435\u0440\u0435\u043c\u0435\u043d\u043d\u044b\u0445 \u0438 \u043a\u043e\u0440\u043c\u044f\u0449\u0438\u0445 ca\u043co\u043a. \u041f\u043e\u0432\u044b\u0448\u0435\u043d\u043d\u043e\u0435 \u0441\u043e\u0434\u0435\u0440\u0436\u0430\u043d\u0438\u0435 \u0421\u0430-\u043a\u0430\u043b\u044c\u0446\u0438\u044f \u0438 P-\u0444\u043e\u0441\u0444\u043e\u0440\u0430, \u043a\u0430\u043a \u0438 \u0432\u0441\u0435\u0445 \u0432\u0430\u0436\u043d\u044b\u0445 \u043f\u0438\u0442\u0430\u0442\u0435\u043b\u044c\u043d\u044b\u0445 \u0432\u0435\u0449\u0435\u0441\u0442\u0432, \u043c\u0438\u043d\u0435\u0440\u0430\u043b\u043e\u0432, \u043c\u0438\u043a\u0440\u043e\u044d\u043b\u0435\u043c\u0435\u043d\u0442\u043e\u0432 \u0438 \u00a0\u0441\u0431\u0430\u043b\u0430\u043d\u0441\u0438\u0440\u043e\u0432\u0430\u043d\u043d\u044b\u0445 \u0430\u043c\u0438\u043d\u043e\u043a\u0438\u0441\u043b\u043e\u0442, \u043e\u0431\u0435\u0441\u043f\u0435\u0447\u0438\u0432\u0430\u0435\u0442 \u0437\u0434\u043e\u0440\u043e\u0432\u044b\u0439 \u0440\u043e\u0441\u0442 \u0438 \u0436\u0438\u0437\u043d\u0435\u0441\u043f\u043e\u0441\u043e\u0431\u043d\u043e\u0441\u0442\u044c \u0441\u043e\u0431\u0430\u043a\u0438.<\/p>\n<p style=\"text-align: left;\"><strong>\u041a\u0410\u041b\u042c\u0426\u0415\u0412\u0418\u0422<\/strong> \u043d\u0435\u043e\u0431\u0445\u043e\u0434\u0438\u043c\u043e \u0434\u0430\u0432\u0430\u0442\u044c \u0431\u0435\u0440\u0435\u043c\u0435\u043d\u043d\u044b\u043c \u0438 \u043a\u043e\u0440\u043c\u044f\u0449\u0438\u043c \u0441\u043e\u0431\u0430\u043a\u0430\u043c \u0440\u0430\u0434\u0438 \u043f\u0440\u0435\u0434\u043e\u0442\u0432\u0440\u0430\u0449\u0435\u043d\u0438\u044f \u043f\u043e\u0442\u0435\u0440\u0438 \u043a\u0430\u043b\u044c\u0446\u0438\u044f \u0438 \u043f\u043e\u0434\u0434\u0435\u0440\u0436\u0430\u043d\u0438\u044f \u0445\u043e\u0440\u043e\u0448\u0435\u0433\u043e \u0441\u043e\u0441\u0442\u043e\u044f\u043d\u0438\u044f \u043a\u043e\u0441\u0442\u0435\u0439. \u041f\u0440\u0438\u043c\u0435\u043d\u0435\u043d\u0438\u0435 <strong>\u041a\u0410\u041b\u042c\u0426\u0415\u0412\u0418\u0422<\/strong>-\u0430 \u00a0\u0434\u043b\u044f \u0431\u0435\u0440\u0435\u043c\u0435\u043d\u043d\u044b\u0445 \u0441\u043e\u0431\u0430\u043a \u043f\u043e\u043b\u043e\u0436\u0438\u0442\u0435\u043b\u044c\u043d\u043e \u043e\u0442\u0440\u0430\u0436\u0430\u0435\u0442\u0441\u044f \u043d\u0430 \u043f\u0440\u0430\u0432\u0438\u043b\u044c\u043d\u043e\u0435 \u0440\u0430\u0437\u0432\u0438\u0442\u0438\u0435 \u043f\u043b\u043e\u0434\u0430 \u0432\u043e \u0432\u0440\u0435\u043c\u044f \u0438\u043d\u0442\u0435\u043d\u0441\u0438\u0432\u043d\u043e\u0433\u043e \u0444\u043e\u0440\u043c\u0438\u0440\u043e\u0432\u0430\u043d\u0438\u044f \u043a\u043e\u0441\u0442\u043d\u043e\u0439 \u0441\u0438\u0441\u0442\u0435\u043c\u044b.<\/p>\n<p style=\"text-align: left;\">\u041e\u0441\u043e\u0431\u0435\u043d\u043d\u043e\u0433\u043e \u0432\u043d\u0438\u043c\u0430\u043d\u0438\u044f \u0437\u0430\u0441\u043b\u0443\u0436\u0438\u0432\u0430\u044e\u0442 \u0449\u0435\u043d\u043a\u0438 \u2013 \u043c\u043e\u043b\u043e\u0434\u044b\u0435 \u0441\u043e\u0431\u0430\u043a\u0438 \u043a\u0440\u0443\u043f\u043d\u044b\u0445 \u043f\u043e\u0440\u043e\u0434 \u0438\u0437-\u0437\u0430 \u0443\u0432\u0435\u043b\u0438\u0447\u0435\u043d\u043d\u043e\u0439 \u043f\u043e\u0442\u0440\u0435\u0431\u043d\u043e\u0441\u0442\u0438 \u0432 \u043a\u0430\u043b\u044c\u0446\u0438\u0438, \u0430 \u0442\u0430\u043a \u0436\u0435 \u0432 \u043e\u0441\u0442\u0430\u043b\u044c\u043d\u044b\u043c\u0438 \u0432\u0430\u0436\u043d\u044b\u043c\u0438 \u043f\u0438\u0442\u0430\u0442\u0435\u043b\u044c\u043d\u044b\u043c\u0438 \u0432\u0435\u0449\u0435\u0441\u0442\u0432\u0430\u043c\u0438. \u041f\u0440\u0438\u043c\u0435\u043d\u0435\u043d\u0438\u0435 <strong>\u041a\u0410\u041b\u042c\u0426\u0415\u0412\u0418\u0422<\/strong>-a \u043e\u0431\u0435\u0441\u043f\u0435\u0447\u0438\u0432\u0430\u0435\u0442 \u043f\u0440\u0430\u0432\u0438\u043b\u044c\u043d\u043e\u0435 \u0440\u0430\u0437\u0432\u0438\u0442\u0438\u0435 \u043a\u043e\u0441\u0442\u0435\u0439, \u043a\u0430\u0447\u0435\u0441\u0442\u0432\u0435\u043d\u043d\u044b\u0439 \u0438 \u0437\u0434\u043e\u0440\u043e\u0432\u044b\u0439 \u0440\u043e\u0441\u0442 \u0438 \u0436\u0438\u0437\u043d\u0435\u0441\u043f\u043e\u0441\u043e\u0431\u043d\u043e\u0441\u0442\u044c.<\/p>\n","protected":false},"featured_media":8696,"comment_status":"open","ping_status":"closed","template":"","meta":[],"product_brand":[],"product_cat":[106],"product_tag":[],"class_list":{"0":"post-8695","1":"product","2":"type-product","3":"status-publish","4":"has-post-thumbnail","6":"product_cat-vitaminy","8":"first","9":"instock","10":"taxable","11":"shipping-taxable","12":"product-type-simple"},"yoast_head":"<!-- This site is optimized with the Yoast SEO Premium plugin v26.6 (Yoast SEO v26.6) - https:\/\/yoast.com\/wordpress\/plugins\/seo\/ -->\n<title>Kalcevit \u043f\u043e\u0434\u0434\u0435\u0440\u0436\u043a\u0430 \u043a\u043e\u0441\u0442\u0435\u0439 \u0438 \u0440\u043e\u0441\u0442\u0430 \u0443 \u0441\u043e\u0431\u0430\u043a | SEMACO<\/title>\n<meta name=\"description\" content=\"\u0414\u043e\u0431\u0430\u0432\u043a\u0430 \u0441 \u0432\u044b\u0441\u043e\u043a\u0438\u043c \u0441\u043e\u0434\u0435\u0440\u0436\u0430\u043d\u0438\u0435\u043c \u043a\u0430\u043b\u044c\u0446\u0438\u044f \u0434\u043b\u044f \u0449\u0435\u043d\u043a\u043e\u0432 \u0438 \u0431\u0435\u0440\u0435\u043c\u0435\u043d\u043d\u044b\u0445 \u0438\u043b\u0438 \u043a\u043e\u0440\u043c\u044f\u0449\u0438\u0445 \u0441\u0443\u043a.\" \/>\n<meta name=\"robots\" content=\"index, follow, max-snippet:-1, max-image-preview:large, max-video-preview:-1\" \/>\n<link rel=\"canonical\" href=\"https:\/\/www.semaco.biz\/ru\/produkt\/kalcevit\/\" \/>\n<meta property=\"og:locale\" content=\"ru_RU\" \/>\n<meta property=\"og:type\" content=\"article\" \/>\n<meta property=\"og:title\" content=\"KALCEVIT | Vitaminski dodatak hrani za \u0161tence i skotne kuje\" \/>\n<meta property=\"og:description\" content=\"KALCEVIT je vitaminski dodatak hrani za pse. Namenjen za \u0161tence, mlade pse, skotne kuje i kuje koje doje sa pove\u0107anim sadr\u017eajem kalcijuma.\" \/>\n<meta property=\"og:url\" content=\"https:\/\/www.semaco.biz\/ru\/produkt\/kalcevit\/\" \/>\n<meta property=\"og:site_name\" content=\"SEMACO\" \/>\n<meta property=\"article:modified_time\" content=\"2026-02-03T19:38:13+00:00\" \/>\n<meta property=\"og:image\" content=\"https:\/\/www.semaco.biz\/wp-content\/uploads\/2019\/12\/komplementarni-dodatak-kalcevit.jpg\" \/>\n\t<meta property=\"og:image:width\" content=\"1000\" \/>\n\t<meta property=\"og:image:height\" content=\"1000\" \/>\n\t<meta property=\"og:image:type\" content=\"image\/jpeg\" \/>\n<meta name=\"twitter:card\" content=\"summary_large_image\" \/>\n<meta name=\"twitter:title\" content=\"KALCEVIT | Vitaminski dodatak hrani za \u0161tence i skotne kuje\" \/>\n<meta name=\"twitter:description\" content=\"KALCEVIT je vitaminski dodatak hrani za pse. Namenjen za \u0161tence, mlade pse, skotne kuje i kuje koje doje sa pove\u0107anim sadr\u017eajem kalcijuma.\" \/>\n<meta name=\"twitter:label1\" content=\"Primernoe vrem\u044f dl\u044f \u010dteni\u044f\" \/>\n\t<meta name=\"twitter:data1\" content=\"1 minuta\" \/>\n<script type=\"application\/ld+json\" class=\"yoast-schema-graph\">{\"@context\":\"https:\/\/schema.org\",\"@graph\":[{\"@type\":\"WebPage\",\"@id\":\"https:\/\/www.semaco.biz\/ru\/produkt\/kalcevit\/\",\"url\":\"https:\/\/www.semaco.biz\/ru\/produkt\/kalcevit\/\",\"name\":\"Kalcevit \u043f\u043e\u0434\u0434\u0435\u0440\u0436\u043a\u0430 \u043a\u043e\u0441\u0442\u0435\u0439 \u0438 \u0440\u043e\u0441\u0442\u0430 \u0443 \u0441\u043e\u0431\u0430\u043a | SEMACO\",\"isPartOf\":{\"@id\":\"https:\/\/www.semaco.biz\/ru\/#website\"},\"primaryImageOfPage\":{\"@id\":\"https:\/\/www.semaco.biz\/ru\/produkt\/kalcevit\/#primaryimage\"},\"image\":{\"@id\":\"https:\/\/www.semaco.biz\/ru\/produkt\/kalcevit\/#primaryimage\"},\"thumbnailUrl\":\"https:\/\/www.semaco.biz\/wp-content\/uploads\/2019\/12\/komplementarni-dodatak-kalcevit.jpg\",\"datePublished\":\"2019-11-06T12:34:17+00:00\",\"dateModified\":\"2026-02-03T19:38:13+00:00\",\"description\":\"\u0414\u043e\u0431\u0430\u0432\u043a\u0430 \u0441 \u0432\u044b\u0441\u043e\u043a\u0438\u043c \u0441\u043e\u0434\u0435\u0440\u0436\u0430\u043d\u0438\u0435\u043c \u043a\u0430\u043b\u044c\u0446\u0438\u044f \u0434\u043b\u044f \u0449\u0435\u043d\u043a\u043e\u0432 \u0438 \u0431\u0435\u0440\u0435\u043c\u0435\u043d\u043d\u044b\u0445 \u0438\u043b\u0438 \u043a\u043e\u0440\u043c\u044f\u0449\u0438\u0445 \u0441\u0443\u043a.\",\"breadcrumb\":{\"@id\":\"https:\/\/www.semaco.biz\/ru\/produkt\/kalcevit\/#breadcrumb\"},\"inLanguage\":\"ru-RU\",\"potentialAction\":[{\"@type\":\"ReadAction\",\"target\":[\"https:\/\/www.semaco.biz\/ru\/produkt\/kalcevit\/\"]}]},{\"@type\":\"ImageObject\",\"inLanguage\":\"ru-RU\",\"@id\":\"https:\/\/www.semaco.biz\/ru\/produkt\/kalcevit\/#primaryimage\",\"url\":\"https:\/\/www.semaco.biz\/wp-content\/uploads\/2019\/12\/komplementarni-dodatak-kalcevit.jpg\",\"contentUrl\":\"https:\/\/www.semaco.biz\/wp-content\/uploads\/2019\/12\/komplementarni-dodatak-kalcevit.jpg\",\"width\":1000,\"height\":1000,\"caption\":\"kalcevit\"},{\"@type\":\"BreadcrumbList\",\"@id\":\"https:\/\/www.semaco.biz\/ru\/produkt\/kalcevit\/#breadcrumb\",\"itemListElement\":[{\"@type\":\"ListItem\",\"position\":1,\"name\":\"Home\",\"item\":\"https:\/\/www.semaco.biz\/ru\/\"},{\"@type\":\"ListItem\",\"position\":2,\"name\":\"\u041f\u0440\u043e\u0434\u0443\u043a\u0442\u044b\",\"item\":\"https:\/\/www.semaco.biz\/ru\/produkty\/\"},{\"@type\":\"ListItem\",\"position\":3,\"name\":\"\u041a\u0430\u043b\u044c\u0446\u0435\u0432\u0438\u0442\"}]},{\"@type\":\"WebSite\",\"@id\":\"https:\/\/www.semaco.biz\/ru\/#website\",\"url\":\"https:\/\/www.semaco.biz\/ru\/\",\"name\":\"SEMACO\",\"description\":\"Vitaminski dodaci ishrani za pse i ma\u010dke\",\"potentialAction\":[{\"@type\":\"SearchAction\",\"target\":{\"@type\":\"EntryPoint\",\"urlTemplate\":\"https:\/\/www.semaco.biz\/ru\/?s={search_term_string}\"},\"query-input\":{\"@type\":\"PropertyValueSpecification\",\"valueRequired\":true,\"valueName\":\"search_term_string\"}}],\"inLanguage\":\"ru-RU\"}]}<\/script>\n<!-- \/ Yoast SEO Premium plugin. -->","yoast_head_json":{"title":"Kalcevit \u043f\u043e\u0434\u0434\u0435\u0440\u0436\u043a\u0430 \u043a\u043e\u0441\u0442\u0435\u0439 \u0438 \u0440\u043e\u0441\u0442\u0430 \u0443 \u0441\u043e\u0431\u0430\u043a | SEMACO","description":"\u0414\u043e\u0431\u0430\u0432\u043a\u0430 \u0441 \u0432\u044b\u0441\u043e\u043a\u0438\u043c \u0441\u043e\u0434\u0435\u0440\u0436\u0430\u043d\u0438\u0435\u043c \u043a\u0430\u043b\u044c\u0446\u0438\u044f \u0434\u043b\u044f \u0449\u0435\u043d\u043a\u043e\u0432 \u0438 \u0431\u0435\u0440\u0435\u043c\u0435\u043d\u043d\u044b\u0445 \u0438\u043b\u0438 \u043a\u043e\u0440\u043c\u044f\u0449\u0438\u0445 \u0441\u0443\u043a.","robots":{"index":"index","follow":"follow","max-snippet":"max-snippet:-1","max-image-preview":"max-image-preview:large","max-video-preview":"max-video-preview:-1"},"canonical":"https:\/\/www.semaco.biz\/ru\/produkt\/kalcevit\/","og_locale":"ru_RU","og_type":"article","og_title":"KALCEVIT | Vitaminski dodatak hrani za \u0161tence i skotne kuje","og_description":"KALCEVIT je vitaminski dodatak hrani za pse. Namenjen za \u0161tence, mlade pse, skotne kuje i kuje koje doje sa pove\u0107anim sadr\u017eajem kalcijuma.","og_url":"https:\/\/www.semaco.biz\/ru\/produkt\/kalcevit\/","og_site_name":"SEMACO","article_modified_time":"2026-02-03T19:38:13+00:00","og_image":[{"width":1000,"height":1000,"url":"https:\/\/www.semaco.biz\/wp-content\/uploads\/2019\/12\/komplementarni-dodatak-kalcevit.jpg","type":"image\/jpeg"}],"twitter_card":"summary_large_image","twitter_title":"KALCEVIT | Vitaminski dodatak hrani za \u0161tence i skotne kuje","twitter_description":"KALCEVIT je vitaminski dodatak hrani za pse. Namenjen za \u0161tence, mlade pse, skotne kuje i kuje koje doje sa pove\u0107anim sadr\u017eajem kalcijuma.","twitter_misc":{"Primernoe vrem\u044f dl\u044f \u010dteni\u044f":"1 minuta"},"schema":{"@context":"https:\/\/schema.org","@graph":[{"@type":"WebPage","@id":"https:\/\/www.semaco.biz\/ru\/produkt\/kalcevit\/","url":"https:\/\/www.semaco.biz\/ru\/produkt\/kalcevit\/","name":"Kalcevit \u043f\u043e\u0434\u0434\u0435\u0440\u0436\u043a\u0430 \u043a\u043e\u0441\u0442\u0435\u0439 \u0438 \u0440\u043e\u0441\u0442\u0430 \u0443 \u0441\u043e\u0431\u0430\u043a | SEMACO","isPartOf":{"@id":"https:\/\/www.semaco.biz\/ru\/#website"},"primaryImageOfPage":{"@id":"https:\/\/www.semaco.biz\/ru\/produkt\/kalcevit\/#primaryimage"},"image":{"@id":"https:\/\/www.semaco.biz\/ru\/produkt\/kalcevit\/#primaryimage"},"thumbnailUrl":"https:\/\/www.semaco.biz\/wp-content\/uploads\/2019\/12\/komplementarni-dodatak-kalcevit.jpg","datePublished":"2019-11-06T12:34:17+00:00","dateModified":"2026-02-03T19:38:13+00:00","description":"\u0414\u043e\u0431\u0430\u0432\u043a\u0430 \u0441 \u0432\u044b\u0441\u043e\u043a\u0438\u043c \u0441\u043e\u0434\u0435\u0440\u0436\u0430\u043d\u0438\u0435\u043c \u043a\u0430\u043b\u044c\u0446\u0438\u044f \u0434\u043b\u044f \u0449\u0435\u043d\u043a\u043e\u0432 \u0438 \u0431\u0435\u0440\u0435\u043c\u0435\u043d\u043d\u044b\u0445 \u0438\u043b\u0438 \u043a\u043e\u0440\u043c\u044f\u0449\u0438\u0445 \u0441\u0443\u043a.","breadcrumb":{"@id":"https:\/\/www.semaco.biz\/ru\/produkt\/kalcevit\/#breadcrumb"},"inLanguage":"ru-RU","potentialAction":[{"@type":"ReadAction","target":["https:\/\/www.semaco.biz\/ru\/produkt\/kalcevit\/"]}]},{"@type":"ImageObject","inLanguage":"ru-RU","@id":"https:\/\/www.semaco.biz\/ru\/produkt\/kalcevit\/#primaryimage","url":"https:\/\/www.semaco.biz\/wp-content\/uploads\/2019\/12\/komplementarni-dodatak-kalcevit.jpg","contentUrl":"https:\/\/www.semaco.biz\/wp-content\/uploads\/2019\/12\/komplementarni-dodatak-kalcevit.jpg","width":1000,"height":1000,"caption":"kalcevit"},{"@type":"BreadcrumbList","@id":"https:\/\/www.semaco.biz\/ru\/produkt\/kalcevit\/#breadcrumb","itemListElement":[{"@type":"ListItem","position":1,"name":"Home","item":"https:\/\/www.semaco.biz\/ru\/"},{"@type":"ListItem","position":2,"name":"\u041f\u0440\u043e\u0434\u0443\u043a\u0442\u044b","item":"https:\/\/www.semaco.biz\/ru\/produkty\/"},{"@type":"ListItem","position":3,"name":"\u041a\u0430\u043b\u044c\u0446\u0435\u0432\u0438\u0442"}]},{"@type":"WebSite","@id":"https:\/\/www.semaco.biz\/ru\/#website","url":"https:\/\/www.semaco.biz\/ru\/","name":"SEMACO","description":"Vitaminski dodaci ishrani za pse i ma\u010dke","potentialAction":[{"@type":"SearchAction","target":{"@type":"EntryPoint","urlTemplate":"https:\/\/www.semaco.biz\/ru\/?s={search_term_string}"},"query-input":{"@type":"PropertyValueSpecification","valueRequired":true,"valueName":"search_term_string"}}],"inLanguage":"ru-RU"}]}},"_links":{"self":[{"href":"https:\/\/www.semaco.biz\/ru\/wp-json\/wp\/v2\/product\/8695","targetHints":{"allow":["GET"]}}],"collection":[{"href":"https:\/\/www.semaco.biz\/ru\/wp-json\/wp\/v2\/product"}],"about":[{"href":"https:\/\/www.semaco.biz\/ru\/wp-json\/wp\/v2\/types\/product"}],"replies":[{"embeddable":true,"href":"https:\/\/www.semaco.biz\/ru\/wp-json\/wp\/v2\/comments?post=8695"}],"wp:featuredmedia":[{"embeddable":true,"href":"https:\/\/www.semaco.biz\/ru\/wp-json\/wp\/v2\/media\/8696"}],"wp:attachment":[{"href":"https:\/\/www.semaco.biz\/ru\/wp-json\/wp\/v2\/media?parent=8695"}],"wp:term":[{"taxonomy":"product_brand","embeddable":true,"href":"https:\/\/www.semaco.biz\/ru\/wp-json\/wp\/v2\/product_brand?post=8695"},{"taxonomy":"product_cat","embeddable":true,"href":"https:\/\/www.semaco.biz\/ru\/wp-json\/wp\/v2\/product_cat?post=8695"},{"taxonomy":"product_tag","embeddable":true,"href":"https:\/\/www.semaco.biz\/ru\/wp-json\/wp\/v2\/product_tag?post=8695"}],"curies":[{"name":"wp","href":"https:\/\/api.w.org\/{rel}","templated":true}]}}