{"id":8699,"date":"2019-11-06T12:36:12","date_gmt":"2019-11-06T12:36:12","guid":{"rendered":"http:\/\/localhost\/drsekiz\/connecten\/"},"modified":"2025-12-20T21:40:15","modified_gmt":"2025-12-20T20:40:15","slug":"connecten","status":"publish","type":"product","link":"https:\/\/www.semaco.biz\/de\/produkt\/connecten\/","title":{"rendered":"Connecten"},"content":{"rendered":"","protected":false},"excerpt":{"rendered":"<p style=\"text-align: left;\"><strong>CONNECTEN\u00a0<\/strong>nutzt die M\u00f6glichkeiten der Auswirkungen von <strong>Glucosamin<\/strong> f\u00fcr gesunde Gelenke und das Bindegewebe f\u00fcr Hunde aller Altersstufen und Gr\u00f6\u00dfen, vor allem gro\u00dfe Hunde.\u00a0<strong>Glucosamine<\/strong> hilft bei der Bildung und Regeneration von Gelenkknorpel und steigert die Mobilit\u00e4t und Aktivit\u00e4t von Hunden. <strong>Chondroitin<\/strong> sch\u00fctz die Knorpel, gibt denen Elastizit\u00e4t, schmiert die Gelenke und wirkt entz\u00fcndungshemmend (reduziert Schmerzen und Schwellungen). <strong>MSM<\/strong> hilft beim St\u00e4rken von Bindegewebe und Gelenken. MSM ist eine nat\u00fcrliche bioverf\u00fcgbare Schwefelquelle, die wichtig ist f\u00fcr die Bildung von Knorpel. MSM wirkt synergistisch und beeinflusst die bessere Verwertung von Glucosamin und Chondroitin. <strong>Hyalurons\u00e4ure<\/strong><strong> sorgt<\/strong> f\u00fcr die Aufrechterhaltung der Viskosit\u00e4t der Gelenkfl\u00fcssigkeit. <strong>Vitamin C<\/strong> ist ein starkes Antioxidationsmittel, der f\u00fcr die Bildung von Knochen und Knorpel wichtig ist. <strong>Vitamin<\/strong><strong> E<\/strong> ist ebenfalls ein starkes Antioxidtionsmittel, welches die Zellen vor freien Radikalen sch\u00fctz.\u00a0<strong>Mangan<\/strong>, <strong>Kupfer<\/strong> und <strong>Zink<\/strong> sind wichtige biochemische Prozesse in der Bildung von Knorpel.<\/p>\n<p style=\"text-align: left;\"><strong>CONNECTEN<\/strong>\u00a0ist empfohlen f\u00fcr die pr\u00e4ventive Anwendung besonders bei akuten und chronischen Erkrankungen der Gelenke, Entz\u00fcndungen, Schw\u00e4che und Degeneration der Sehnen und Bindegewebe und Steifigkeit der Gelenke (Spondylose und Arthrose).<\/p>\n","protected":false},"featured_media":8700,"comment_status":"open","ping_status":"closed","template":"","meta":[],"product_brand":[],"product_cat":[105],"product_tag":[],"class_list":{"0":"post-8699","1":"product","2":"type-product","3":"status-publish","4":"has-post-thumbnail","6":"product_cat-vitamine","8":"first","9":"instock","10":"taxable","11":"shipping-taxable","12":"product-type-simple"},"yoast_head":"<!-- This site is optimized with the Yoast SEO Premium plugin v26.6 (Yoast SEO v26.6) - https:\/\/yoast.com\/wordpress\/plugins\/seo\/ -->\n<title>Connecten Gelenkunterst\u00fctzung f\u00fcr Hunde | SEMACO<\/title>\n<meta name=\"description\" content=\"Glucosaminreiche Formel zur Unterst\u00fctzung der Gelenke, Beweglichkeit und des Bindegewebes bei Hunden aller Gr\u00f6\u00dfen.\" \/>\n<meta name=\"robots\" content=\"index, follow, max-snippet:-1, max-image-preview:large, max-video-preview:-1\" \/>\n<link rel=\"canonical\" href=\"https:\/\/www.semaco.biz\/de\/produkt\/connecten\/\" \/>\n<meta property=\"og:locale\" content=\"de_DE\" \/>\n<meta property=\"og:type\" content=\"article\" \/>\n<meta property=\"og:title\" content=\"CONNECTEN | Vitaminski dodatak hrani za pse\" \/>\n<meta property=\"og:description\" content=\"CONNECTEN poma\u017ee formiranje i regeneraciju hrskavica zglobova i pove\u0107ava mobilnost i aktivnost pasa, \u0161titi hrskavice, daje im elasti\u010dnost.\" \/>\n<meta property=\"og:url\" content=\"https:\/\/www.semaco.biz\/de\/produkt\/connecten\/\" \/>\n<meta property=\"og:site_name\" content=\"SEMACO\" \/>\n<meta property=\"article:modified_time\" content=\"2025-12-20T20:40:15+00:00\" \/>\n<meta property=\"og:image\" content=\"https:\/\/www.semaco.biz\/wp-content\/uploads\/2019\/12\/komplementarni-dodatak-connecten.jpg\" \/>\n\t<meta property=\"og:image:width\" content=\"1000\" \/>\n\t<meta property=\"og:image:height\" content=\"1000\" \/>\n\t<meta property=\"og:image:type\" content=\"image\/jpeg\" \/>\n<meta name=\"twitter:card\" content=\"summary_large_image\" \/>\n<meta name=\"twitter:title\" content=\"CONNECTEN | Vitaminski dodatak hrani za pse\" \/>\n<meta name=\"twitter:description\" content=\"CONNECTEN poma\u017ee formiranje i regeneraciju hrskavica zglobova i pove\u0107ava mobilnost i aktivnost pasa, \u0161titi hrskavice, daje im elasti\u010dnost.\" \/>\n<meta name=\"twitter:label1\" content=\"Gesch\u00e4tzte Lesezeit\" \/>\n\t<meta name=\"twitter:data1\" content=\"1\u00a0Minute\" \/>\n<script type=\"application\/ld+json\" class=\"yoast-schema-graph\">{\"@context\":\"https:\/\/schema.org\",\"@graph\":[{\"@type\":\"WebPage\",\"@id\":\"https:\/\/www.semaco.biz\/de\/produkt\/connecten\/\",\"url\":\"https:\/\/www.semaco.biz\/de\/produkt\/connecten\/\",\"name\":\"Connecten Gelenkunterst\u00fctzung f\u00fcr Hunde | SEMACO\",\"isPartOf\":{\"@id\":\"https:\/\/www.semaco.biz\/de\/#website\"},\"primaryImageOfPage\":{\"@id\":\"https:\/\/www.semaco.biz\/de\/produkt\/connecten\/#primaryimage\"},\"image\":{\"@id\":\"https:\/\/www.semaco.biz\/de\/produkt\/connecten\/#primaryimage\"},\"thumbnailUrl\":\"https:\/\/www.semaco.biz\/wp-content\/uploads\/2019\/12\/komplementarni-dodatak-connecten.jpg\",\"datePublished\":\"2019-11-06T12:36:12+00:00\",\"dateModified\":\"2025-12-20T20:40:15+00:00\",\"description\":\"Glucosaminreiche Formel zur Unterst\u00fctzung der Gelenke, Beweglichkeit und des Bindegewebes bei Hunden aller Gr\u00f6\u00dfen.\",\"breadcrumb\":{\"@id\":\"https:\/\/www.semaco.biz\/de\/produkt\/connecten\/#breadcrumb\"},\"inLanguage\":\"de\",\"potentialAction\":[{\"@type\":\"ReadAction\",\"target\":[\"https:\/\/www.semaco.biz\/de\/produkt\/connecten\/\"]}]},{\"@type\":\"ImageObject\",\"inLanguage\":\"de\",\"@id\":\"https:\/\/www.semaco.biz\/de\/produkt\/connecten\/#primaryimage\",\"url\":\"https:\/\/www.semaco.biz\/wp-content\/uploads\/2019\/12\/komplementarni-dodatak-connecten.jpg\",\"contentUrl\":\"https:\/\/www.semaco.biz\/wp-content\/uploads\/2019\/12\/komplementarni-dodatak-connecten.jpg\",\"width\":1000,\"height\":1000,\"caption\":\"connecten\"},{\"@type\":\"BreadcrumbList\",\"@id\":\"https:\/\/www.semaco.biz\/de\/produkt\/connecten\/#breadcrumb\",\"itemListElement\":[{\"@type\":\"ListItem\",\"position\":1,\"name\":\"Home\",\"item\":\"https:\/\/www.semaco.biz\/de\/\"},{\"@type\":\"ListItem\",\"position\":2,\"name\":\"Produkte\",\"item\":\"https:\/\/www.semaco.biz\/de\/produkte\/\"},{\"@type\":\"ListItem\",\"position\":3,\"name\":\"Connecten\"}]},{\"@type\":\"WebSite\",\"@id\":\"https:\/\/www.semaco.biz\/de\/#website\",\"url\":\"https:\/\/www.semaco.biz\/de\/\",\"name\":\"SEMACO\",\"description\":\"Vitaminski dodaci ishrani za pse i ma\u010dke\",\"potentialAction\":[{\"@type\":\"SearchAction\",\"target\":{\"@type\":\"EntryPoint\",\"urlTemplate\":\"https:\/\/www.semaco.biz\/de\/?s={search_term_string}\"},\"query-input\":{\"@type\":\"PropertyValueSpecification\",\"valueRequired\":true,\"valueName\":\"search_term_string\"}}],\"inLanguage\":\"de\"}]}<\/script>\n<!-- \/ Yoast SEO Premium plugin. -->","yoast_head_json":{"title":"Connecten Gelenkunterst\u00fctzung f\u00fcr Hunde | SEMACO","description":"Glucosaminreiche Formel zur Unterst\u00fctzung der Gelenke, Beweglichkeit und des Bindegewebes bei Hunden aller Gr\u00f6\u00dfen.","robots":{"index":"index","follow":"follow","max-snippet":"max-snippet:-1","max-image-preview":"max-image-preview:large","max-video-preview":"max-video-preview:-1"},"canonical":"https:\/\/www.semaco.biz\/de\/produkt\/connecten\/","og_locale":"de_DE","og_type":"article","og_title":"CONNECTEN | Vitaminski dodatak hrani za pse","og_description":"CONNECTEN poma\u017ee formiranje i regeneraciju hrskavica zglobova i pove\u0107ava mobilnost i aktivnost pasa, \u0161titi hrskavice, daje im elasti\u010dnost.","og_url":"https:\/\/www.semaco.biz\/de\/produkt\/connecten\/","og_site_name":"SEMACO","article_modified_time":"2025-12-20T20:40:15+00:00","og_image":[{"width":1000,"height":1000,"url":"https:\/\/www.semaco.biz\/wp-content\/uploads\/2019\/12\/komplementarni-dodatak-connecten.jpg","type":"image\/jpeg"}],"twitter_card":"summary_large_image","twitter_title":"CONNECTEN | Vitaminski dodatak hrani za pse","twitter_description":"CONNECTEN poma\u017ee formiranje i regeneraciju hrskavica zglobova i pove\u0107ava mobilnost i aktivnost pasa, \u0161titi hrskavice, daje im elasti\u010dnost.","twitter_misc":{"Gesch\u00e4tzte Lesezeit":"1\u00a0Minute"},"schema":{"@context":"https:\/\/schema.org","@graph":[{"@type":"WebPage","@id":"https:\/\/www.semaco.biz\/de\/produkt\/connecten\/","url":"https:\/\/www.semaco.biz\/de\/produkt\/connecten\/","name":"Connecten Gelenkunterst\u00fctzung f\u00fcr Hunde | SEMACO","isPartOf":{"@id":"https:\/\/www.semaco.biz\/de\/#website"},"primaryImageOfPage":{"@id":"https:\/\/www.semaco.biz\/de\/produkt\/connecten\/#primaryimage"},"image":{"@id":"https:\/\/www.semaco.biz\/de\/produkt\/connecten\/#primaryimage"},"thumbnailUrl":"https:\/\/www.semaco.biz\/wp-content\/uploads\/2019\/12\/komplementarni-dodatak-connecten.jpg","datePublished":"2019-11-06T12:36:12+00:00","dateModified":"2025-12-20T20:40:15+00:00","description":"Glucosaminreiche Formel zur Unterst\u00fctzung der Gelenke, Beweglichkeit und des Bindegewebes bei Hunden aller Gr\u00f6\u00dfen.","breadcrumb":{"@id":"https:\/\/www.semaco.biz\/de\/produkt\/connecten\/#breadcrumb"},"inLanguage":"de","potentialAction":[{"@type":"ReadAction","target":["https:\/\/www.semaco.biz\/de\/produkt\/connecten\/"]}]},{"@type":"ImageObject","inLanguage":"de","@id":"https:\/\/www.semaco.biz\/de\/produkt\/connecten\/#primaryimage","url":"https:\/\/www.semaco.biz\/wp-content\/uploads\/2019\/12\/komplementarni-dodatak-connecten.jpg","contentUrl":"https:\/\/www.semaco.biz\/wp-content\/uploads\/2019\/12\/komplementarni-dodatak-connecten.jpg","width":1000,"height":1000,"caption":"connecten"},{"@type":"BreadcrumbList","@id":"https:\/\/www.semaco.biz\/de\/produkt\/connecten\/#breadcrumb","itemListElement":[{"@type":"ListItem","position":1,"name":"Home","item":"https:\/\/www.semaco.biz\/de\/"},{"@type":"ListItem","position":2,"name":"Produkte","item":"https:\/\/www.semaco.biz\/de\/produkte\/"},{"@type":"ListItem","position":3,"name":"Connecten"}]},{"@type":"WebSite","@id":"https:\/\/www.semaco.biz\/de\/#website","url":"https:\/\/www.semaco.biz\/de\/","name":"SEMACO","description":"Vitaminski dodaci ishrani za pse i ma\u010dke","potentialAction":[{"@type":"SearchAction","target":{"@type":"EntryPoint","urlTemplate":"https:\/\/www.semaco.biz\/de\/?s={search_term_string}"},"query-input":{"@type":"PropertyValueSpecification","valueRequired":true,"valueName":"search_term_string"}}],"inLanguage":"de"}]}},"_links":{"self":[{"href":"https:\/\/www.semaco.biz\/de\/wp-json\/wp\/v2\/product\/8699","targetHints":{"allow":["GET"]}}],"collection":[{"href":"https:\/\/www.semaco.biz\/de\/wp-json\/wp\/v2\/product"}],"about":[{"href":"https:\/\/www.semaco.biz\/de\/wp-json\/wp\/v2\/types\/product"}],"replies":[{"embeddable":true,"href":"https:\/\/www.semaco.biz\/de\/wp-json\/wp\/v2\/comments?post=8699"}],"wp:featuredmedia":[{"embeddable":true,"href":"https:\/\/www.semaco.biz\/de\/wp-json\/wp\/v2\/media\/8700"}],"wp:attachment":[{"href":"https:\/\/www.semaco.biz\/de\/wp-json\/wp\/v2\/media?parent=8699"}],"wp:term":[{"taxonomy":"product_brand","embeddable":true,"href":"https:\/\/www.semaco.biz\/de\/wp-json\/wp\/v2\/product_brand?post=8699"},{"taxonomy":"product_cat","embeddable":true,"href":"https:\/\/www.semaco.biz\/de\/wp-json\/wp\/v2\/product_cat?post=8699"},{"taxonomy":"product_tag","embeddable":true,"href":"https:\/\/www.semaco.biz\/de\/wp-json\/wp\/v2\/product_tag?post=8699"}],"curies":[{"name":"wp","href":"https:\/\/api.w.org\/{rel}","templated":true}]}}